{"id":26,"date":"2025-04-07T16:12:14","date_gmt":"2025-04-07T14:12:14","guid":{"rendered":"http:\/\/excello-site.local\/?page_id=26"},"modified":"2025-05-16T14:14:54","modified_gmt":"2025-05-16T12:14:54","slug":"mentions-legales","status":"publish","type":"page","link":"https:\/\/excellolab.org\/en\/mentions-legales\/","title":{"rendered":"Legal notices"},"content":{"rendered":"<p>Pursuant to Articles 6-III and 19 of Law No. 2004-575 of June 21, 2004 on Confidence in the Digital Economy (L.C.E.N.), we hereby inform users and visitors of\u00a0<a href=\"https:\/\/excellolab.org\/en\/fr\/\">https:\/\/excellolab.org\/en\/<\/a>and its subdomains of the following details:<\/p>\n\n\n\n<p>Excello is an association governed by the French Law of July 1, 1901.<\/p>\n\n\n\n<p>The association\u2019s purpose is to conduct research, development, and dissemination of knowledge in the field of education, with a particular focus on improving reading and math learning. Excello develops and provides related educational resources, notably by using new technologies.<\/p>\n\n\n\n<p><strong>Publisher and Publication Author:<\/strong> Excello, Recherche + Education\n 34 avenue Ledru Rollin, 75012 Paris\n RNA No. <strong>W751263931<\/strong> \u2013 SIREN No. 913521092 \u2013 SIRET No. 91352109200019 <strong>contact@excellolab.org<\/strong><\/p>\n\n\n\n<p>The association was registered on February 14, 2022, at the Paris Police Prefecture and published in the Official Journal on February 22, 2022.<\/p>\n\n\n\n<p><strong>Publication Director:<\/strong> Cassandra POTIER WATKINS, President of Excello <strong>contact@excellolab.org<\/strong><\/p>\n\n\n\n<p><strong>Site Host: <\/strong>Amazon Web Services EMEA SARL | Tour Carpe Diem, 31 place des Corolles, 92400 Courbevoie, France | 08.91.65.21.51<\/p>\n\n\n\n<h3 class=\"wp-block-heading\">Description of Services Provided<\/h3>\n\n\n\n<p>The site <a href=\"https:\/\/excellolab.org\/en\/\">https:\/\/excellolab.org\/en\/<\/a> and its subdomains aim to provide information on discoveries in cognitive science relevant to child development and education.<\/p>\n\n\n\n<p>All authors, under the direction of Cassandra Potier Watkins, strive to provide information as accurate as possible on <a href=\"https:\/\/excellolab.org\/en\/\">https:\/\/excellolab.org\/en\/<\/a> and its subdomains. However, the publisher cannot be held liable for omissions, inaccuracies, or updates\u2014whether by its own doing or that of third-party partners who provide such information.<\/p>\n\n\n\n<p>All information on <a href=\"https:\/\/excellolab.org\/en\/\">https:\/\/excellolab.org\/en\/<\/a> and its subdomains are given for information purposes only and are subject to change. Furthermore, the information on the site <a href=\"https:\/\/excellolab.org\/en\/\">https:\/\/excellolab.org\/en\/<\/a> and its subdomains are not exhaustive. They are given subject to modifications having been made since they were put online.<\/p>\n\n\n\n<h3 class=\"wp-block-heading\">General Terms and Conditions of Site Use and Offered Services<\/h3>\n\n\n\n<p>Use of&nbsp;<a href=\"https:\/\/excellolab.org\/en\/\">https:\/\/excellolab.org\/en\/<\/a>&nbsp;and its subdomains implies full acceptance of the following general terms and conditions. These terms of use may be amended or supplemented at any time; users of&nbsp;<a href=\"https:\/\/excellolab.org\/en\/\">https:\/\/excellolab.org\/en\/<\/a> and its subdomains are therefore advised to check them regularly.<\/p>\n\n\n\n<p>In principle, the site is accessible to users at all times. However, the site&nbsp;<a href=\"https:\/\/excellolab.org\/en\/\">https:\/\/excellolab.org\/en\/<\/a>may decide to interrupt access for technical maintenance, and will endeavor to notify users in advance of the dates and times of any such intervention.<\/p>\n\n\n\n<p>The site<a href=\"https:\/\/excellolab.org\/en\/\"> https:\/\/excellolab.org\/en\/<\/a>&nbsp;and its subdomains are regularly updated by the Excello association. Likewise, this legal notice may be modified at any time and is binding on the user, who is invited to review it as often as possible to stay informed of any changes.<\/p>\n\n\n\n<h3 class=\"wp-block-heading\">Limitations of Liability<\/h3>\n\n\n\n<p>The publisher cannot be held liable for direct or indirect damage to the user\u2019s equipment during access to the site, resulting either from using equipment that does not meet the specified requirements or from the emergence of a bug or incompatibility.<\/p>\n\n\n\n<p>The publisher cannot be held liable for indirect damages (such as loss of business or loss of opportunity) arising from the use of <a href=\"https:\/\/excellolab.org\/en\/\">https:\/\/excellolab.org\/en\/<\/a> or its subdomains.<\/p>\n\n\n\n<p>Interactive areas (e.g., contact forms to submit questions, participation in online research, use of our testing platform) are available to users. The publisher reserves the right to remove, without prior notice, any content placed in these areas that would violate applicable French law, particularly laws regarding data protection. Where applicable, the publisher also reserves the right to hold the user civilly and\/or criminally liable, including in the case of messages of a racist, insulting, defamatory, or pornographic nature, regardless of the form of media used (text, photographs, etc.).<\/p>\n\n\n\n<h3 class=\"wp-block-heading\">Management of Personal Data<\/h3>\n\n\n\n<p>In France, personal data are notably protected by Law No. 78-87 of January 6, 1978, Law No. 2004-801 of August 6, 2004, Article L. 226-13 of the Penal Code, and the European Directive of October 24, 1995.<\/p>\n\n\n\n<p>By using <a href=\"https:\/\/moncerveaualecole.com\/\">https:\/\/excellolab.org\/en\/<\/a> and its subdomains, certain information may be collected, such as: The URL of links through which the user accessed <a href=\"https:\/\/moncerveaualecole.com\/\">https:\/\/excellolab.org\/en\/<\/a>the user\u2019s internet service provider, the user\u2019s IP address.<\/p>\n\n\n\n<p>In all cases, the publisher only collects personal information about the user as needed for certain services offered by <a href=\"https:\/\/moncerveaualecole.com\/\">https:\/\/excellolab.org\/en\/<\/a> and its subdomains. The user knowingly provides this information, particularly if they enter it themselves. Users of <a href=\"https:\/\/moncerveaualecole.com\/\">https:\/\/excellolab.org\/en\/<\/a> or its subdomains will be informed whether providing such information is optional or required.<\/p>\n\n\n\n<p>In accordance with Articles 38 and following of Law No. 78-17 of January 6, 1978 on information technology, data files, and civil liberties, any user has the right to access, correct, and object to personal data concerning them by sending a written and signed request, accompanied by a copy of their valid ID bearing the holder\u2019s signature, and specifying the address to which the reply should be sent.<\/p>\n\n\n\n<p>No personal information of a user of <a href=\"https:\/\/moncerveaualecole.com\/\">https:\/\/excellolab.org\/en\/<\/a>&nbsp;or its subdomains is published, exchanged, transferred, sold, or assigned to any third party by any means without the user\u2019s knowledge. Only in the event of the acquisition of <a href=\"https:\/\/excellolab.org\/en\/\">excellolab.org\/en\/<\/a>&nbsp;and its rights could the transmission of such information to the potential buyer be permitted; in turn, the buyer would be subject to the same obligation regarding the conservation and modification of users\u2019 data. <a href=\"https:\/\/excellolab.org\/en\/\">https:\/\/excellolab.org\/en\/<\/a> or its subdomains.<\/p>\n\n\n\n<h3 class=\"wp-block-heading\">Hypertext Links and Cookies<\/h3>\n\n\n\n<p>The site <a href=\"https:\/\/moncerveaualecole.com\/\">https:\/\/excellolab.org\/en\/<\/a> and its subdomains contain a number of hypertext links to other sites. However, the publisher has no way of verifying the content of the sites thus visited and cannot assume any liability in this regard.<\/p>\n\n\n\n<p>Browsing <a href=\"https:\/\/moncerveaualecole.com\/\">https:\/\/excellolab.org\/en\/<\/a>&nbsp;and its subdomains may result in the installation of cookie(s) on the user\u2019s computer. A cookie is a small file that does not identify the user but records information about a computer\u2019s navigation of a site. The data obtained aim to facilitate subsequent browsing on the site and also enable various traffic measurements.<\/p>\n\n\n\n<p>Refusing to install cookies may make some services inaccessible. Users can configure their browsers as follows to refuse cookie installation:<\/p>\n\n\n\n<p>Internet Explorer: Tools tab \/ Internet Options. Click on Privacy and select Block all cookies. Confirm by clicking OK.<\/p>\n\n\n\n<p>Netscape: Edit tab \/ Preferences. Click Advanced and select Disable cookies. Confirm by clicking OK.<\/p>\n\n\n\n<h3 class=\"wp-block-heading\">Intellectual Property and Counterfeiting<\/h3>\n\n\n\n<p>The site\u2019s owner holds the intellectual property rights or usage rights for all elements accessible on the site, notably text, images, graphics, logos, icons, sounds, and software.<br>Any reproduction, representation, modification, publication, or adaptation of part or all of the site\u2019s components, by any means or process, is prohibited without prior written permission (email: contact@excellolab.org).<\/p>\n\n\n\n<p>Any unauthorized use of the site or of any of the elements it contains will be considered an infringement and prosecuted in accordance with Articles L.335-2 and following of the French Intellectual Property Code.<\/p>\n\n\n\n<p>Nevertheless, much of the work produced by Excello is licensed under Creative Commons, allowing reuse without explicit permission. Such cases are clearly indicated, either by their label or in their metadata.<\/p>\n\n\n\n<h3 class=\"wp-block-heading\">Governing Law and Jurisdiction<\/h3>\n\n\n\n<p>Any dispute related to the use of <a href=\"https:\/\/moncerveaualecole.com\/\">https:\/\/excellolab.org\/en\/<\/a> or its subdomains is governed by French law. Exclusive jurisdiction is granted to the competent courts of Paris.<\/p>\n\n\n\n<h3 class=\"wp-block-heading\">Key Applicable Laws<\/h3>\n\n\n\n<p>Law No. 78-87 of January 6, 1978, as amended by Law No. 2004-801 of August 6, 2004, on information technology, data files, and civil liberties.<\/p>\n\n\n\n<p>Law No. 2004-575 of June 21, 2004 on Confidence in the Digital Economy.<\/p>\n\n\n\n<h3 class=\"wp-block-heading\">Glossary<\/h3>\n\n\n\n<p>User: Any internet user who connects to and uses the aforementioned site.<\/p>\n\n\n\n<p>Personal Data: \u201cInformation which allows, in any form whatsoever, directly or indirectly, the identification of natural persons to whom it applies\u201d (Article 4 of Law No. 78-17 of January 6, 1978).<\/p>","protected":false},"excerpt":{"rendered":"<p>Conform\u00e9ment aux dispositions des articles 6-III et 19 de la Loi n\u00b0 2004-575 du 21 juin 2004 pour la Confiance dans l\u2019\u00e9conomie num\u00e9rique, dite L.C.E.N., nous portons \u00e0 la connaissance des utilisateurs et visiteurs du site :\u00a0https:\/\/excellolab.org, et de ses sous-domaines, les informations suivantes : Excello est une association r\u00e9gie par la loi du 1\u00b0 [&hellip;]<\/p>\n","protected":false},"author":1,"featured_media":0,"parent":0,"menu_order":0,"comment_status":"closed","ping_status":"closed","template":"template-legal.php","meta":{"_acf_changed":false,"footnotes":""},"class_list":["post-26","page","type-page","status-publish","hentry"],"acf":[],"_links":{"self":[{"href":"https:\/\/excellolab.org\/en\/wp-json\/wp\/v2\/pages\/26","targetHints":{"allow":["GET"]}}],"collection":[{"href":"https:\/\/excellolab.org\/en\/wp-json\/wp\/v2\/pages"}],"about":[{"href":"https:\/\/excellolab.org\/en\/wp-json\/wp\/v2\/types\/page"}],"author":[{"embeddable":true,"href":"https:\/\/excellolab.org\/en\/wp-json\/wp\/v2\/users\/1"}],"replies":[{"embeddable":true,"href":"https:\/\/excellolab.org\/en\/wp-json\/wp\/v2\/comments?post=26"}],"version-history":[{"count":4,"href":"https:\/\/excellolab.org\/en\/wp-json\/wp\/v2\/pages\/26\/revisions"}],"predecessor-version":[{"id":267,"href":"https:\/\/excellolab.org\/en\/wp-json\/wp\/v2\/pages\/26\/revisions\/267"}],"wp:attachment":[{"href":"https:\/\/excellolab.org\/en\/wp-json\/wp\/v2\/media?parent=26"}],"curies":[{"name":"wp","href":"https:\/\/api.w.org\/{rel}","templated":true}]}}