{"id":66,"date":"2025-04-08T15:16:15","date_gmt":"2025-04-08T13:16:15","guid":{"rendered":"http:\/\/excello-site.local\/?page_id=66"},"modified":"2025-05-16T14:11:25","modified_gmt":"2025-05-16T12:11:25","slug":"cgu","status":"publish","type":"page","link":"https:\/\/excellolab.org\/en\/cgu\/","title":{"rendered":"Terms of Use"},"content":{"rendered":"<h2 class=\"wp-block-heading\"><strong>Preamble<\/strong><\/h2>\n\n\n\n<p>These General Terms of Use are available at any time at: excellolab.org\/en\/general-terms-of-use\/<\/p>\n\n\n\n<p>They set out the rules governing access to our platforms on the Excello website and its subdomains, hosting educational digital content (hereinafter referred to as \u201cthe platform\u201d).<\/p>\n\n\n\n<p>By using this platform, you acknowledge, in your capacity as user \u2013 teacher and\/or legal guardian of the minor student \u2013 \u200b\u200bthat you know the terms, accept them without reservation and comply with them.<\/p>\n\n\n\n<p>The data controller reserves the right, at their sole discretion and without prior notice, to modify, delete or add information to these \u201cGeneral Terms of Use\u201d, at any time, in particular to take into account any legal, jurisprudential, editorial and\/or technical developments. The prevailing version is the one accessible online.<\/p>\n\n\n\n<p>It is therefore recommended that you regularly consult the latest version of these General Terms of Use.<\/p>\n\n\n\n<h2 class=\"wp-block-heading\">ARTICLE 1 \u2013 USER GUIDELINES AND PRACTICAL INFORMATION<\/h2>\n\n\n\n<p>Excello\u2019s mission is to conduct research, develop, and disseminate knowledge in the field of education, with a focus on improving reading and mathematics learning. Excello creates and provides associated educational resources, in particular by using new technologies.&nbsp;<\/p>\n\n\n\n<h3 class=\"wp-block-heading\">1\/ Access to the Educational Applications Created by Excello<\/h3>\n\n\n\n<p>The activities are available 24\/7:<\/p>\n\n\n\n<ul class=\"wp-block-list\">\n<li>Via Excello mobile applications, available on the Android and Apple app stores for use on Android 5.1+ and iOS 11+ tablets\/smartphones. For optimal service, we recommend using a tablet.<\/li>\n\n\n\n<li>Via a web application, using Google Chrome or Mozilla Firefox on Windows, Ubuntu, and Android, and Safari on macOS and iOS.<\/li>\n<\/ul>\n\n\n\n<p>The application may be used by a teacher who creates an account for their class, or by a legal guardian who creates an account for their child.<\/p>\n\n\n\n<p>Once the application is installed, an internet connection is not mandatory. However, certain features will be disabled (voice-to-text transcription and handwriting recognition).<\/p>\n\n\n\n<p>If the application is used offline (without internet access), learning records (exercise results) are stored on the device and will only be sent to the platform once an internet connection is reestablished.<\/p>\n\n\n\n<h3 class=\"wp-block-heading\">2\/ Access to Platforms Created by Excello<\/h3>\n\n\n\n<p>For a first-time use of our platforms, you must:<\/p>\n\n\n\n<p>Create an adult account (legal guardian\/teacher).<\/p>\n\n\n\n<p>Refer to our privacy policy for full details on how we handle collected data.<\/p>\n\n\n\n<h3 class=\"wp-block-heading\"><strong>3\/ Technical Support<\/strong><\/h3>\n\n\n\n<p>In the event of any technical issues with the application or platform, please send an email to: contact@excellolab.org.<\/p>\n\n\n\n<p>Our team will do its utmost to assist and resolve any problems as quickly as possible.<\/p>\n\n\n\n<h3 class=\"wp-block-heading\"><strong>4\/ Required Devices<\/strong><\/h3>\n\n\n\n<p>Your device must meet the following specifications to ensure proper use of Excello applications:<\/p>\n\n\n\n<p>Minimum :<br>OS: PC \/ Android \/ iOS (Chrome, Firefox, Safari \u2265 13)<br>Processor: 4 cores at 1.4 GHz<br>Memory: 2 GB RAM<\/p>\n\n\n\n<p>Recommended (for optimal performance)<br>OS: PC \/ Android \/ iOS (Chrome, Firefox, Safari \u2265 14)<br>Processor: 4 cores at 2 GHz<br>Memory: 2 GB RAM<\/p>\n\n\n\n<h2 class=\"wp-block-heading\"><strong>ARTICLE 2 \u2013 LICENSE OF USE<\/strong><\/h2>\n\n\n\n<p>Access to the platform grants you a non-exclusive right to use it, whether privately or collectively.<\/p>\n\n\n\n<p>By using this platform, you accept these General Terms of Use without reservation.<\/p>\n\n\n\n<p>All content published on the platform\u2014including, but not limited to, text, photographs, illustrations, graphics, infographics, maps, videos, music, icons, and software (hereinafter \u201cthe Content\u201d)\u2014is licensed under&nbsp;<a href=\"http:\/\/creativecommons.org\/licenses\/by-sa\/4.0\/?ref=chooser-v1\">CC BY-SA 4.0&nbsp;<\/a>.<\/p>\n\n\n\n<p>Pursuant to Article L. 122-4 of the French Intellectual Property Code, any full or partial representation or reproduction made without the author\u2019s consent\u2014or that of their successors or assigns\u2014is unlawful. The same applies to translation, adaptation, transformation, arrangement, or reproduction by any means or process.<\/p>\n\n\n\n<p>Please also note that infringement of copyright constitutes an offense in France, punishable by three years\u2019 imprisonment and a fine of 300,000 euros.<\/p>\n\n\n\n<p>Additionally, the Intellectual Property Code imposes the same penalties of three years\u2019 imprisonment and a 300,000-euro fine for any unauthorized recording, reproduction, communication, or making available to the public\u2014whether paid or free\u2014of a performance, phonogram, videogram, or program, if such authorization is required from the rights holder.<\/p>\n\n\n\n<h2 class=\"wp-block-heading\">ARTICLE 3 \u2013 LIMITATION OF LIABILITY<\/h2>\n\n\n\n<p>You bear sole responsibility for any damage or loss\u2014direct or indirect, material or immaterial\u2014wherever its cause, basis, or origin might lie in your use of the platform or that of anyone authorized by you to use it. \u201cUse\u201d here includes any use of the platform, whether fraudulent or non-fraudulent.<\/p>\n\n\n\n<p>Minors may access the platform only if they have obtained prior permission from their parents (or the person exercising parental authority) to do so and to provide any information and email addresses by which they may receive communications. By registering, minors confirm they have obtained such prior authorization, which is explicitly required during the platform\u2019s registration process.<br>&nbsp;<br>The platform\u2019s publishers undertake to use their best efforts to secure access to, consultation of, and use of the platform.<\/p>\n\n\n\n<p><\/p>\n\n\n\n<h2 class=\"wp-block-heading\"><strong>ARTICLE 4 \u2013 APPLICATION OF FRENCH LAW<\/strong><\/h2>\n\n\n\n<p>The rules governing use of the platform and all the content and information it contains are subject to French law. In the event of a dispute, only the French courts shall have jurisdiction.<\/p>\n\n\n\n<h2 class=\"wp-block-heading\">ARTICLE 5 \u2013 CONDITIONS FOR CHANGING THE PRIVACY POLICY<\/h2>\n\n\n\n<p>The site\u2019s publisher reserves the right to modify the privacy policy to ensure its compliance with prevailing legislation and practices.<\/p>","protected":false},"excerpt":{"rendered":"<p>Pr\u00e9ambule Les pr\u00e9sentes Conditions G\u00e9n\u00e9rales d\u2019Utilisation sont disponibles \u00e0 tout moment :\u00a0excellolab.org\/cgu Elles d\u00e9terminent les r\u00e8gles d\u2019acc\u00e8s \u00e0 nos plateformes sur le site Excello et ses sous-domaines, o\u00f9 se trouvent des contenus num\u00e9riques p\u00e9dagogiques, ci-apr\u00e8s d\u00e9nomm\u00e9e la plateforme. En utilisant cette plateforme, vous reconnaissez, en votre qualit\u00e9 d\u2019utilisateur \u2013 enseignant et\/ou responsable l\u00e9gal de l\u2019\u00e9l\u00e8ve [&hellip;]<\/p>\n","protected":false},"author":1,"featured_media":0,"parent":0,"menu_order":0,"comment_status":"closed","ping_status":"closed","template":"template-legal.php","meta":{"_acf_changed":false,"footnotes":""},"class_list":["post-66","page","type-page","status-publish","hentry"],"acf":[],"_links":{"self":[{"href":"https:\/\/excellolab.org\/en\/wp-json\/wp\/v2\/pages\/66","targetHints":{"allow":["GET"]}}],"collection":[{"href":"https:\/\/excellolab.org\/en\/wp-json\/wp\/v2\/pages"}],"about":[{"href":"https:\/\/excellolab.org\/en\/wp-json\/wp\/v2\/types\/page"}],"author":[{"embeddable":true,"href":"https:\/\/excellolab.org\/en\/wp-json\/wp\/v2\/users\/1"}],"replies":[{"embeddable":true,"href":"https:\/\/excellolab.org\/en\/wp-json\/wp\/v2\/comments?post=66"}],"version-history":[{"count":8,"href":"https:\/\/excellolab.org\/en\/wp-json\/wp\/v2\/pages\/66\/revisions"}],"predecessor-version":[{"id":344,"href":"https:\/\/excellolab.org\/en\/wp-json\/wp\/v2\/pages\/66\/revisions\/344"}],"wp:attachment":[{"href":"https:\/\/excellolab.org\/en\/wp-json\/wp\/v2\/media?parent=66"}],"curies":[{"name":"wp","href":"https:\/\/api.w.org\/{rel}","templated":true}]}}